{"id":148611,"date":"2020-11-10T16:06:42","date_gmt":"2020-11-10T15:06:43","guid":{"rendered":"https:\/\/botiga.gironafcapp.com\/?post_type=product&#038;p=148611"},"modified":"2021-11-29T00:01:26","modified_gmt":"2021-11-28T23:01:26","slug":"personaliza-la-carcasa-movil-tercera-equipacion-copia","status":"publish","type":"product","link":"https:\/\/devbotiga.gironafc.cat\/es\/producto\/personaliza-la-carcasa-movil-tercera-equipacion-copia\/","title":{"rendered":"Personaliza La Carcasa M\u00f3vil Tercera Equipaci\u00f3n (C\u00f2pia)"},"content":{"rendered":"","protected":false},"excerpt":{"rendered":"<p>Pasos para personalizar tu carcasa:<\/p>\n<p>1- Selecciona el modelo de m\u00f3vil<\/p>\n<p>2- Antes de a\u00f1adir la funda a la cesta, revisa que el modelo de m\u00f3vil es correcto.<\/p>\n","protected":false},"featured_media":148616,"comment_status":"closed","ping_status":"closed","template":"","meta":{"_acf_changed":false},"product_cat":[1743],"product_tag":[],"class_list":{"0":"post-148611","1":"product","2":"type-product","3":"status-publish","4":"has-post-thumbnail","6":"product_cat-uncategorized-es-2","8":"first","9":"instock","10":"taxable","11":"shipping-taxable","12":"purchasable","13":"product-type-variable"},"acf":[],"_links":{"self":[{"href":"https:\/\/devbotiga.gironafc.cat\/es\/wp-json\/wp\/v2\/product\/148611","targetHints":{"allow":["GET"]}}],"collection":[{"href":"https:\/\/devbotiga.gironafc.cat\/es\/wp-json\/wp\/v2\/product"}],"about":[{"href":"https:\/\/devbotiga.gironafc.cat\/es\/wp-json\/wp\/v2\/types\/product"}],"replies":[{"embeddable":true,"href":"https:\/\/devbotiga.gironafc.cat\/es\/wp-json\/wp\/v2\/comments?post=148611"}],"wp:featuredmedia":[{"embeddable":true,"href":"https:\/\/devbotiga.gironafc.cat\/es\/wp-json\/wp\/v2\/media\/148616"}],"wp:attachment":[{"href":"https:\/\/devbotiga.gironafc.cat\/es\/wp-json\/wp\/v2\/media?parent=148611"}],"wp:term":[{"taxonomy":"product_cat","embeddable":true,"href":"https:\/\/devbotiga.gironafc.cat\/es\/wp-json\/wp\/v2\/product_cat?post=148611"},{"taxonomy":"product_tag","embeddable":true,"href":"https:\/\/devbotiga.gironafc.cat\/es\/wp-json\/wp\/v2\/product_tag?post=148611"}],"curies":[{"name":"wp","href":"https:\/\/api.w.org\/{rel}","templated":true}]}}