{"id":4248057,"date":"2023-03-28T16:05:40","date_gmt":"2023-03-28T15:05:41","guid":{"rendered":"https:\/\/devbotiga.gironafc.cat\/\/?post_type=product&#038;p=4248057"},"modified":"2024-07-22T15:52:29","modified_gmt":"2024-07-22T14:52:29","slug":"bandera-senyera","status":"publish","type":"product","link":"https:\/\/devbotiga.gironafc.cat\/es\/producto\/bandera-senyera\/","title":{"rendered":"Bandera Senyera"},"content":{"rendered":"<p>Nuevo Modelo de la bandera del Girona FC<\/p>\n<p>CARACTER\u00cdSTICAS<\/p>\n<ul>\n<li>100\u00d770 cm<\/li>\n<li>100% Poli\u00e9ster<\/li>\n<\/ul>\n","protected":false},"excerpt":{"rendered":"<p>Nuevo Modelo de la bandera del Girona FC CARACTER\u00cdSTICAS 100\u00d770 cm 100% Poli\u00e9ster<\/p>\n","protected":false},"featured_media":4248122,"comment_status":"closed","ping_status":"closed","template":"","meta":{"_acf_changed":false},"product_cat":[1843],"product_tag":[],"class_list":{"0":"post-4248057","1":"product","2":"type-product","3":"status-publish","4":"has-post-thumbnail","6":"product_cat-bufandas-y-banderas","8":"first","9":"instock","10":"taxable","11":"shipping-taxable","12":"purchasable","13":"product-type-simple"},"acf":[],"_links":{"self":[{"href":"https:\/\/devbotiga.gironafc.cat\/es\/wp-json\/wp\/v2\/product\/4248057","targetHints":{"allow":["GET"]}}],"collection":[{"href":"https:\/\/devbotiga.gironafc.cat\/es\/wp-json\/wp\/v2\/product"}],"about":[{"href":"https:\/\/devbotiga.gironafc.cat\/es\/wp-json\/wp\/v2\/types\/product"}],"replies":[{"embeddable":true,"href":"https:\/\/devbotiga.gironafc.cat\/es\/wp-json\/wp\/v2\/comments?post=4248057"}],"wp:featuredmedia":[{"embeddable":true,"href":"https:\/\/devbotiga.gironafc.cat\/es\/wp-json\/wp\/v2\/media\/4248122"}],"wp:attachment":[{"href":"https:\/\/devbotiga.gironafc.cat\/es\/wp-json\/wp\/v2\/media?parent=4248057"}],"wp:term":[{"taxonomy":"product_cat","embeddable":true,"href":"https:\/\/devbotiga.gironafc.cat\/es\/wp-json\/wp\/v2\/product_cat?post=4248057"},{"taxonomy":"product_tag","embeddable":true,"href":"https:\/\/devbotiga.gironafc.cat\/es\/wp-json\/wp\/v2\/product_tag?post=4248057"}],"curies":[{"name":"wp","href":"https:\/\/api.w.org\/{rel}","templated":true}]}}