{"id":4331718,"date":"2023-11-24T16:45:34","date_gmt":"2023-11-24T15:45:36","guid":{"rendered":"https:\/\/devbotiga.gironafc.cat\/\/?post_type=product&#038;p=4331718"},"modified":"2025-03-11T17:34:41","modified_gmt":"2025-03-11T16:34:41","slug":"botella-termica-sisa-runbott","status":"publish","type":"product","link":"https:\/\/devbotiga.gironafc.cat\/es\/producto\/botella-termica-sisa-runbott\/","title":{"rendered":"Botella t\u00e9rmica SISA Runbott"},"content":{"rendered":"","protected":false},"excerpt":{"rendered":"<p>Botella termo de Runbott para el Girona FC para ni\u00f1os\/as.<\/p>\n<p>Con la SISA. Con filtro de silicona intercambiable y agarre ergon\u00f3mico lateral preparado para colgar y transportar m\u00e1s c\u00f3modamente.<\/p>\n<p>Recubrimiento interior cer\u00e1mico, doble pared con aislamiento intermedio que permite mantener tu bebida fr\u00eda hasta 24 horas y calienta hasta 12 horas.<\/p>\n<p><strong>Color:<\/strong> blanco<\/p>\n","protected":false},"featured_media":4331723,"comment_status":"open","ping_status":"closed","template":"","meta":{"_acf_changed":false},"product_cat":[1849,1949],"product_tag":[],"class_list":{"0":"post-4331718","1":"product","2":"type-product","3":"status-publish","4":"has-post-thumbnail","6":"product_cat-botellas-y-tazas","7":"product_cat-redweek-es","9":"first","10":"instock","11":"taxable","12":"shipping-taxable","13":"purchasable","14":"product-type-simple"},"acf":[],"_links":{"self":[{"href":"https:\/\/devbotiga.gironafc.cat\/es\/wp-json\/wp\/v2\/product\/4331718","targetHints":{"allow":["GET"]}}],"collection":[{"href":"https:\/\/devbotiga.gironafc.cat\/es\/wp-json\/wp\/v2\/product"}],"about":[{"href":"https:\/\/devbotiga.gironafc.cat\/es\/wp-json\/wp\/v2\/types\/product"}],"replies":[{"embeddable":true,"href":"https:\/\/devbotiga.gironafc.cat\/es\/wp-json\/wp\/v2\/comments?post=4331718"}],"wp:featuredmedia":[{"embeddable":true,"href":"https:\/\/devbotiga.gironafc.cat\/es\/wp-json\/wp\/v2\/media\/4331723"}],"wp:attachment":[{"href":"https:\/\/devbotiga.gironafc.cat\/es\/wp-json\/wp\/v2\/media?parent=4331718"}],"wp:term":[{"taxonomy":"product_cat","embeddable":true,"href":"https:\/\/devbotiga.gironafc.cat\/es\/wp-json\/wp\/v2\/product_cat?post=4331718"},{"taxonomy":"product_tag","embeddable":true,"href":"https:\/\/devbotiga.gironafc.cat\/es\/wp-json\/wp\/v2\/product_tag?post=4331718"}],"curies":[{"name":"wp","href":"https:\/\/api.w.org\/{rel}","templated":true}]}}