{"id":4359877,"date":"2024-07-22T06:33:35","date_gmt":"2024-07-22T05:33:37","guid":{"rendered":"https:\/\/devbotiga.gironafc.cat\/\/?post_type=product&#038;p=4359877"},"modified":"2025-03-17T09:39:31","modified_gmt":"2025-03-17T08:39:31","slug":"camiseta-infantil-tercera-equipacion-2024-25","status":"publish","type":"product","link":"https:\/\/devbotiga.gironafc.cat\/es\/producto\/camiseta-infantil-tercera-equipacion-2024-25\/","title":{"rendered":"Camiseta Infantil Tercera Equipaci\u00f3n 2024\/25"},"content":{"rendered":"<p>&nbsp;<\/p>\n<p>(Los art\u00edculos personalizados necesitar\u00e1n 3-4 d\u00edas laborables adicionales al procesamiento)<\/p>\n","protected":false},"excerpt":{"rendered":"<p>&#8211; Camiseta oficial, modelo infantil, de GironaFC Puma para la temporada 2024-2025.<\/p>\n<p>-Con los patrocinadores ETIHAD AIRWAYS y HYLO.<\/p>\n<p>&#8211;\u00a0 Tecnolog\u00eda DryCELL: material altamente funcional que evacua el sudor.<\/p>\n<p><a href=\"https:\/\/devbotiga.gironafc.cat\/\/wp-content\/uploads\/2024\/06\/guia-talles-puma2425.pdf\">guia-talles-puma2425<\/a><\/p>\n<p>&nbsp;<\/p>\n","protected":false},"featured_media":4360005,"comment_status":"closed","ping_status":"closed","template":"","meta":{"_acf_changed":false},"product_cat":[1943,1970,1949],"product_tag":[],"class_list":{"0":"post-4359877","1":"product","2":"type-product","3":"status-publish","4":"has-post-thumbnail","6":"product_cat-kids-days-es","7":"product_cat-25-26-es","8":"product_cat-redweek-es","10":"first","11":"outofstock","12":"sale","13":"taxable","14":"shipping-taxable","15":"purchasable","16":"product-type-variable"},"acf":[],"_links":{"self":[{"href":"https:\/\/devbotiga.gironafc.cat\/es\/wp-json\/wp\/v2\/product\/4359877","targetHints":{"allow":["GET"]}}],"collection":[{"href":"https:\/\/devbotiga.gironafc.cat\/es\/wp-json\/wp\/v2\/product"}],"about":[{"href":"https:\/\/devbotiga.gironafc.cat\/es\/wp-json\/wp\/v2\/types\/product"}],"replies":[{"embeddable":true,"href":"https:\/\/devbotiga.gironafc.cat\/es\/wp-json\/wp\/v2\/comments?post=4359877"}],"wp:featuredmedia":[{"embeddable":true,"href":"https:\/\/devbotiga.gironafc.cat\/es\/wp-json\/wp\/v2\/media\/4360005"}],"wp:attachment":[{"href":"https:\/\/devbotiga.gironafc.cat\/es\/wp-json\/wp\/v2\/media?parent=4359877"}],"wp:term":[{"taxonomy":"product_cat","embeddable":true,"href":"https:\/\/devbotiga.gironafc.cat\/es\/wp-json\/wp\/v2\/product_cat?post=4359877"},{"taxonomy":"product_tag","embeddable":true,"href":"https:\/\/devbotiga.gironafc.cat\/es\/wp-json\/wp\/v2\/product_tag?post=4359877"}],"curies":[{"name":"wp","href":"https:\/\/api.w.org\/{rel}","templated":true}]}}