{"id":4360478,"date":"2024-08-02T07:59:40","date_gmt":"2024-08-02T06:59:41","guid":{"rendered":"https:\/\/devbotiga.gironafc.cat\/\/?post_type=product&#038;p=4360478"},"modified":"2025-07-02T15:03:51","modified_gmt":"2025-07-02T14:03:51","slug":"pantalon-nino-segunda-equipacion-2024-25","status":"publish","type":"product","link":"https:\/\/devbotiga.gironafc.cat\/es\/producto\/pantalon-nino-segunda-equipacion-2024-25\/","title":{"rendered":"Pantal\u00f3n Ni\u00f1o Segunda Equipaci\u00f3n 2024\/25"},"content":{"rendered":"<p>-Pantalones oficial Girona FC, segunda equipaci\u00f3n unisex ni\u00f1o, Puma para la temporada 2024-2025.<\/p>\n<p>-Escudo del club tejido.<\/p>\n<p>-Los materiales altamente funcionales de estos pantalones cortos dejan salir al sudor para un entrenamiento seco y agradable; tecnolog\u00eda y estilo se unen en estos \u00fatiles pantalones cortos deportivos.<\/p>\n<p><a href=\"https:\/\/devbotiga.gironafc.cat\/\/wp-content\/uploads\/2024\/06\/guia-talles-puma.pdf\">guia-talles-puma<\/a><\/p>\n","protected":false},"excerpt":{"rendered":"<p>-Pantalones oficial Girona FC, primera equipaci\u00f3n unisex ni\u00f1o, Puma para la temporada 2024-2025.<\/p>\n<p>-Escudo del club tejido.<\/p>\n<p>-Los materiales altamente funcionales de estos pantalones cortos dejan salir al sudor para un entrenamiento seco y agradable; tecnolog\u00eda y estilo se unen en estos \u00fatiles pantalones cortos deportivos.<\/p>\n<p><a href=\"https:\/\/devbotiga.gironafc.cat\/\/wp-content\/uploads\/2024\/06\/guia-talles-puma.pdf\">guia-talles-puma<\/a><\/p>\n","protected":false},"featured_media":4360451,"comment_status":"closed","ping_status":"closed","template":"","meta":{"_acf_changed":false},"product_cat":[1970,1949],"product_tag":[],"class_list":{"0":"post-4360478","1":"product","2":"type-product","3":"status-publish","4":"has-post-thumbnail","6":"product_cat-25-26-es","7":"product_cat-redweek-es","9":"first","10":"instock","11":"sale","12":"taxable","13":"shipping-taxable","14":"purchasable","15":"product-type-variable"},"acf":[],"_links":{"self":[{"href":"https:\/\/devbotiga.gironafc.cat\/es\/wp-json\/wp\/v2\/product\/4360478","targetHints":{"allow":["GET"]}}],"collection":[{"href":"https:\/\/devbotiga.gironafc.cat\/es\/wp-json\/wp\/v2\/product"}],"about":[{"href":"https:\/\/devbotiga.gironafc.cat\/es\/wp-json\/wp\/v2\/types\/product"}],"replies":[{"embeddable":true,"href":"https:\/\/devbotiga.gironafc.cat\/es\/wp-json\/wp\/v2\/comments?post=4360478"}],"wp:featuredmedia":[{"embeddable":true,"href":"https:\/\/devbotiga.gironafc.cat\/es\/wp-json\/wp\/v2\/media\/4360451"}],"wp:attachment":[{"href":"https:\/\/devbotiga.gironafc.cat\/es\/wp-json\/wp\/v2\/media?parent=4360478"}],"wp:term":[{"taxonomy":"product_cat","embeddable":true,"href":"https:\/\/devbotiga.gironafc.cat\/es\/wp-json\/wp\/v2\/product_cat?post=4360478"},{"taxonomy":"product_tag","embeddable":true,"href":"https:\/\/devbotiga.gironafc.cat\/es\/wp-json\/wp\/v2\/product_tag?post=4360478"}],"curies":[{"name":"wp","href":"https:\/\/api.w.org\/{rel}","templated":true}]}}