{"id":4412378,"date":"2025-06-26T14:47:59","date_gmt":"2025-06-26T13:48:01","guid":{"rendered":"https:\/\/devbotiga.gironafc.cat\/\/?post_type=product&#038;p=4412378"},"modified":"2025-07-09T08:49:49","modified_gmt":"2025-07-09T07:49:49","slug":"camiseta-fan-trype-junior-copy","status":"publish","type":"product","link":"https:\/\/devbotiga.gironafc.cat\/es\/producto\/camiseta-fan-trype-junior-copy\/","title":{"rendered":"Camiseta Fan Cotton 25\/26  Junior"},"content":{"rendered":"","protected":false},"excerpt":{"rendered":"<p>Camiseta de la nueva colecci\u00f3n. Con el escudo bordado. Manga corta.<\/p>\n<p>Lavar a m\u00e1quina a m\u00e1x. 30 \u00b0C.<\/p>\n<p>Composici\u00f3n: 100% algod\u00f3n org\u00e1nico antibacteriano 175gr.<\/p>\n<p><a href=\"https:\/\/devbotiga.gironafc.cat\/\/wp-content\/uploads\/2024\/06\/guia-talles-samarreta-nen-fancottonstripe.pdf\">Guia-Talles-Samarreta_Nen_FanCottonStripe<\/a><\/p>\n<p>&nbsp;<\/p>\n","protected":false},"featured_media":4412386,"comment_status":"closed","ping_status":"closed","template":"","meta":{"_acf_changed":false},"product_cat":[1644,1911,1651,1855],"product_tag":[],"class_list":{"0":"post-4412378","1":"product","2":"type-product","3":"status-publish","4":"has-post-thumbnail","6":"product_cat-moda-es","7":"product_cat-moda-gironafc-es","8":"product_cat-nens-es","9":"product_cat-nueva-coleccion","11":"first","12":"outofstock","13":"taxable","14":"shipping-taxable","15":"purchasable","16":"product-type-variable"},"acf":[],"_links":{"self":[{"href":"https:\/\/devbotiga.gironafc.cat\/es\/wp-json\/wp\/v2\/product\/4412378","targetHints":{"allow":["GET"]}}],"collection":[{"href":"https:\/\/devbotiga.gironafc.cat\/es\/wp-json\/wp\/v2\/product"}],"about":[{"href":"https:\/\/devbotiga.gironafc.cat\/es\/wp-json\/wp\/v2\/types\/product"}],"replies":[{"embeddable":true,"href":"https:\/\/devbotiga.gironafc.cat\/es\/wp-json\/wp\/v2\/comments?post=4412378"}],"wp:featuredmedia":[{"embeddable":true,"href":"https:\/\/devbotiga.gironafc.cat\/es\/wp-json\/wp\/v2\/media\/4412386"}],"wp:attachment":[{"href":"https:\/\/devbotiga.gironafc.cat\/es\/wp-json\/wp\/v2\/media?parent=4412378"}],"wp:term":[{"taxonomy":"product_cat","embeddable":true,"href":"https:\/\/devbotiga.gironafc.cat\/es\/wp-json\/wp\/v2\/product_cat?post=4412378"},{"taxonomy":"product_tag","embeddable":true,"href":"https:\/\/devbotiga.gironafc.cat\/es\/wp-json\/wp\/v2\/product_tag?post=4412378"}],"curies":[{"name":"wp","href":"https:\/\/api.w.org\/{rel}","templated":true}]}}