{"id":93053,"date":"2018-03-15T09:57:43","date_gmt":"2018-03-15T08:57:43","guid":{"rendered":"https:\/\/botiga.gironafcapp.com\/product\/body-gfc\/"},"modified":"2024-12-09T21:00:32","modified_gmt":"2024-12-09T20:00:32","slug":"body","status":"publish","type":"product","link":"https:\/\/devbotiga.gironafc.cat\/es\/producto\/body\/","title":{"rendered":"Body"},"content":{"rendered":"","protected":false},"excerpt":{"rendered":"<p>Producto para beb\u00e9, viste c\u00f3modo a tu hijo, limpio, sobrino etc. Con el body del Girona FC. Dise\u00f1o c\u00e1lido de una sola prenda con cierre de broche para poder cambiar c\u00f3modamente a tu beb\u00e9 los pa\u00f1ales y vestirlo.<\/p>\n<p><strong>Composici\u00f3n:<\/strong> 100% algod\u00f3n org\u00e1nico<\/p>\n<p><strong>Tallas:<\/strong> 3M, 6M, 9M<\/p>\n<p><a href=\"https:\/\/devbotiga.gironafc.cat\/\/wp-content\/uploads\/2018\/03\/guia-talles-bodyinfantil.pdf\">guia-talles-bodyinfantil<\/a><\/p>\n","protected":false},"featured_media":4248486,"comment_status":"open","ping_status":"closed","template":"","meta":{"_acf_changed":false},"product_cat":[1828,1651],"product_tag":[],"class_list":{"0":"post-93053","1":"product","2":"type-product","3":"status-publish","4":"has-post-thumbnail","6":"product_cat-bebes","7":"product_cat-nens-es","9":"first","10":"instock","11":"sale","12":"taxable","13":"shipping-taxable","14":"purchasable","15":"product-type-variable"},"acf":[],"_links":{"self":[{"href":"https:\/\/devbotiga.gironafc.cat\/es\/wp-json\/wp\/v2\/product\/93053","targetHints":{"allow":["GET"]}}],"collection":[{"href":"https:\/\/devbotiga.gironafc.cat\/es\/wp-json\/wp\/v2\/product"}],"about":[{"href":"https:\/\/devbotiga.gironafc.cat\/es\/wp-json\/wp\/v2\/types\/product"}],"replies":[{"embeddable":true,"href":"https:\/\/devbotiga.gironafc.cat\/es\/wp-json\/wp\/v2\/comments?post=93053"}],"wp:featuredmedia":[{"embeddable":true,"href":"https:\/\/devbotiga.gironafc.cat\/es\/wp-json\/wp\/v2\/media\/4248486"}],"wp:attachment":[{"href":"https:\/\/devbotiga.gironafc.cat\/es\/wp-json\/wp\/v2\/media?parent=93053"}],"wp:term":[{"taxonomy":"product_cat","embeddable":true,"href":"https:\/\/devbotiga.gironafc.cat\/es\/wp-json\/wp\/v2\/product_cat?post=93053"},{"taxonomy":"product_tag","embeddable":true,"href":"https:\/\/devbotiga.gironafc.cat\/es\/wp-json\/wp\/v2\/product_tag?post=93053"}],"curies":[{"name":"wp","href":"https:\/\/api.w.org\/{rel}","templated":true}]}}